{"id":31,"date":"2015-02-19T20:13:40","date_gmt":"2015-02-19T20:13:40","guid":{"rendered":"http:\/\/snyggo.net\/cmny\/?page_id=31"},"modified":"2026-03-08T07:53:45","modified_gmt":"2026-03-08T07:53:45","slug":"om-mig","status":"publish","type":"page","link":"https:\/\/corinnamuller.se\/?page_id=31","title":{"rendered":"Om mig"},"content":{"rendered":"\n<p>Corinna M\u00fcller<br>tel 0739-299163<\/p>\n\n\n\n\n\n<figure class=\"wp-block-image is-resized\"><img loading=\"lazy\" decoding=\"async\" width=\"300\" height=\"34\" src=\"https:\/\/corinnamuller.se\/wp-content\/uploads\/2018\/04\/2018-04-19-2-300x34.png\" alt=\"\" class=\"wp-image-1226\" style=\"aspect-ratio:8.82712643678161;width:177px;height:auto\" srcset=\"https:\/\/corinnamuller.se\/wp-content\/uploads\/2018\/04\/2018-04-19-2-300x34.png 300w, https:\/\/corinnamuller.se\/wp-content\/uploads\/2018\/04\/2018-04-19-2-508x58.png 508w, https:\/\/corinnamuller.se\/wp-content\/uploads\/2018\/04\/2018-04-19-2.png 617w\" sizes=\"auto, (max-width: 300px) 100vw, 300px\" \/><\/figure>\n\n\n<div class=\"wp-block-image wp-image-1616 size-large\">\n<figure class=\"alignright\"><img loading=\"lazy\" decoding=\"async\" width=\"683\" height=\"1024\" src=\"https:\/\/corinnamuller.se\/wp-content\/uploads\/2019\/09\/69869803_10157354468126427_8839430672448749568_o-1-683x1024.jpg\" alt=\"Corinna M\u00fcller och Sara L\u00f6vestam p\u00e5 Piratf\u00f6rlagets 20-\u00e5rsjubileum 2019\" class=\"wp-image-1616\" srcset=\"https:\/\/corinnamuller.se\/wp-content\/uploads\/2019\/09\/69869803_10157354468126427_8839430672448749568_o-1-683x1024.jpg 683w, https:\/\/corinnamuller.se\/wp-content\/uploads\/2019\/09\/69869803_10157354468126427_8839430672448749568_o-1-200x300.jpg 200w, https:\/\/corinnamuller.se\/wp-content\/uploads\/2019\/09\/69869803_10157354468126427_8839430672448749568_o-1-768x1152.jpg 768w, https:\/\/corinnamuller.se\/wp-content\/uploads\/2019\/09\/69869803_10157354468126427_8839430672448749568_o-1-973x1460.jpg 973w, https:\/\/corinnamuller.se\/wp-content\/uploads\/2019\/09\/69869803_10157354468126427_8839430672448749568_o-1-508x762.jpg 508w, https:\/\/corinnamuller.se\/wp-content\/uploads\/2019\/09\/69869803_10157354468126427_8839430672448749568_o-1.jpg 1128w\" sizes=\"auto, (max-width: 683px) 100vw, 683px\" \/><figcaption class=\"wp-element-caption\">Corinna M\u00fcller och f\u00f6rfattaren Sara L\u00f6vestam p\u00e5 Piratf\u00f6rlagets 20-\u00e5rsjubileum 2019 <br>(Foto: Piratf\u00f6rlaget)<\/figcaption><\/figure>\n<\/div>\n\n\n<p><\/p>\n\n\n\n<h2 class=\"wp-block-heading\">Kursverksamhet<\/h2>\n\n\n\n<p>Kursledare f\u00f6r <em>Utveckla din roll som redakt\u00f6r<\/em> tillsammans med f\u00f6rl\u00e4ggaren Anne Laurella, <a href=\"http:\/\/www.forlagsklubben.se\">F\u00f6rlagsklubben<\/a>, 2025-<\/p>\n\n\n\n<p>Kursledare f\u00f6r <em>Redigering av \u00f6versatt litteratur<\/em> tillsammans med \u00f6vers\u00e4ttaren Erik MacQueen, <a rel=\"noopener noreferrer\" href=\"http:\/\/www.forlagsklubben.se\" target=\"_blank\">F\u00f6rlagsklubben<\/a>, 2021-<\/p>\n\n\n\n<p>Kursledare f\u00f6r <em>Bli en skarpare korrekturl\u00e4sare,<\/em> <a href=\"http:\/\/www.forlagsklubben.se\" target=\"_blank\" rel=\"noopener noreferrer\">F\u00f6rlagsklubben<\/a>, 2017-<\/p>\n\n\n\n<p>Kursledare f\u00f6r <em>Bli en vassare frilansare<\/em>, <a href=\"http:\/\/www.forlagsklubben.se\" target=\"_blank\" rel=\"noopener noreferrer\">F\u00f6rlagsklubben<\/a>, 2018<\/p>\n\n\n\n<p>F\u00f6rel\u00e4sningar om korrekturl\u00e4sning och eget f\u00f6retagande p\u00e5 F\u00f6rlagskunskap, <a rel=\"noopener noreferrer\" href=\"https:\/\/www.su.se\/\" target=\"_blank\">Stockholms universitet<\/a>, 2018-2020<\/p>\n\n\n\n<p><\/p>\n\n\n\n<h2 class=\"wp-block-heading\">Media<\/h2>\n\n\n\n<p>Tidskriften Parnass (nr 1\/2023) bad mig ber\u00e4tta om korrekturl\u00e4sning.<\/p>\n\n\n\n<figure class=\"wp-block-image size-large\"><a href=\"https:\/\/corinnamuller.se\/wp-content\/uploads\/2023\/03\/20230304_140300-scaled.jpg\"><img loading=\"lazy\" decoding=\"async\" width=\"549\" height=\"1024\" src=\"https:\/\/corinnamuller.se\/wp-content\/uploads\/2023\/03\/20230304_140300-549x1024.jpg\" alt=\"\" class=\"wp-image-2652\" srcset=\"https:\/\/corinnamuller.se\/wp-content\/uploads\/2023\/03\/20230304_140300-549x1024.jpg 549w, https:\/\/corinnamuller.se\/wp-content\/uploads\/2023\/03\/20230304_140300-161x300.jpg 161w, https:\/\/corinnamuller.se\/wp-content\/uploads\/2023\/03\/20230304_140300-768x1434.jpg 768w, https:\/\/corinnamuller.se\/wp-content\/uploads\/2023\/03\/20230304_140300-823x1536.jpg 823w, https:\/\/corinnamuller.se\/wp-content\/uploads\/2023\/03\/20230304_140300-1097x2048.jpg 1097w, https:\/\/corinnamuller.se\/wp-content\/uploads\/2023\/03\/20230304_140300-973x1816.jpg 973w, https:\/\/corinnamuller.se\/wp-content\/uploads\/2023\/03\/20230304_140300-508x948.jpg 508w, https:\/\/corinnamuller.se\/wp-content\/uploads\/2023\/03\/20230304_140300-scaled.jpg 1372w\" sizes=\"auto, (max-width: 549px) 100vw, 549px\" \/><\/a><\/figure>\n\n\n\n<h2 class=\"wp-block-heading\"><strong>Utbildning<\/strong><\/h2>\n\n\n\n<p>Filosofie Magister Kulturvetarlinjen, Stockholms universitet, 2003<\/p>\n\n\n\n<p>(Litteraturvetenskap, genusvetenskap, id\u00e9historia)<\/p>\n\n\n\n<p>Grundkurs &amp; forts\u00e4ttningskurs i InDesign (F\u00f6rlagsklubben)<\/p>\n\n\n\n<p>Grafisk kommunikation A (Nordens Teknikerinstitut, NTI)<\/p>\n\n\n\n<p>Projektledning (Informator)<\/p>\n\n\n\n<p><\/p>\n\n\n\n<h2 class=\"wp-block-heading\">F\u00f6retaget<\/h2>\n\n\n\n<p>\u00c4ger och driver AB Bokst\u00e4vlarna, org. nr 559200-9145. Godk\u00e4nt f\u00f6r F-skatt och registrerat f\u00f6r moms<\/p>\n\n\n\n<p>F\u00f6retagsnamnet Bokst\u00e4vlarna inspirerades av Gunnar Ekel\u00f6fs dikt \u201dsonatform denaturerad prosa\u201d ur diktsamlingen <em>sent p\u00e5 jorden<\/em> (1932) som b\u00f6rjar med orden<\/p>\n\n\n\n<p>krossa bokst\u00e4vlarna mellan t\u00e4nderna <\/p>\n\n\n\n<p><\/p>\n","protected":false},"excerpt":{"rendered":"<p>Corinna M\u00fcllertel 0739-299163 Kursverksamhet Kursledare f\u00f6r Utveckla din roll som redakt\u00f6r tillsammans med f\u00f6rl\u00e4ggaren Anne Laurella, F\u00f6rlagsklubben, 2025- Kursledare f\u00f6r Redigering av \u00f6versatt litteratur tillsammans med \u00f6vers\u00e4ttaren Erik&#8230;<\/p>\n","protected":false},"author":1,"featured_media":0,"parent":0,"menu_order":0,"comment_status":"closed","ping_status":"closed","template":"","meta":{"pmpro_default_level":"","footnotes":""},"class_list":["post-31","page","type-page","status-publish","hentry","pmpro-has-access"],"_links":{"self":[{"href":"https:\/\/corinnamuller.se\/index.php?rest_route=\/wp\/v2\/pages\/31","targetHints":{"allow":["GET"]}}],"collection":[{"href":"https:\/\/corinnamuller.se\/index.php?rest_route=\/wp\/v2\/pages"}],"about":[{"href":"https:\/\/corinnamuller.se\/index.php?rest_route=\/wp\/v2\/types\/page"}],"author":[{"embeddable":true,"href":"https:\/\/corinnamuller.se\/index.php?rest_route=\/wp\/v2\/users\/1"}],"replies":[{"embeddable":true,"href":"https:\/\/corinnamuller.se\/index.php?rest_route=%2Fwp%2Fv2%2Fcomments&post=31"}],"version-history":[{"count":37,"href":"https:\/\/corinnamuller.se\/index.php?rest_route=\/wp\/v2\/pages\/31\/revisions"}],"predecessor-version":[{"id":3644,"href":"https:\/\/corinnamuller.se\/index.php?rest_route=\/wp\/v2\/pages\/31\/revisions\/3644"}],"wp:attachment":[{"href":"https:\/\/corinnamuller.se\/index.php?rest_route=%2Fwp%2Fv2%2Fmedia&parent=31"}],"curies":[{"name":"wp","href":"https:\/\/api.w.org\/{rel}","templated":true}]}}